{"id":519,"date":"2016-05-11T13:50:19","date_gmt":"2016-05-11T13:50:19","guid":{"rendered":"http:\/\/wpoffice\/enfold-fitness\/?page_id=519"},"modified":"2024-03-13T15:13:06","modified_gmt":"2024-03-13T14:13:06","slug":"studio","status":"publish","type":"page","link":"https:\/\/fit-mv.de\/wordpress\/about\/studio\/","title":{"rendered":"Das Studio"},"content":{"rendered":"<div id='av_section_1'  class='avia-section av-671aev-0667e1449f4258404c537d9a46f970de main_color avia-section-large avia-no-border-styling  avia-builder-el-0  el_before_av_horizontal_gallery  avia-builder-el-first  avia-bg-style-scroll container_wrap sidebar_right'  ><div class='container av-section-cont-open' ><main  role=\"main\" itemprop=\"mainContentOfPage\"  class='template-page content  av-content-small alpha units'><div class='post-entry post-entry-type-page post-entry-519'><div class='entry-content-wrapper clearfix'>\n\n<style type=\"text\/css\" data-created_by=\"avia_inline_auto\" id=\"style-css-av-lzaif-f1941ab927cfb57b1cde9278b171a2b9\">\n#top .av-special-heading.av-lzaif-f1941ab927cfb57b1cde9278b171a2b9{\npadding-bottom:30px;\nfont-size:70px;\n}\nbody .av-special-heading.av-lzaif-f1941ab927cfb57b1cde9278b171a2b9 .av-special-heading-tag .heading-char{\nfont-size:25px;\n}\n#top #wrap_all .av-special-heading.av-lzaif-f1941ab927cfb57b1cde9278b171a2b9 .av-special-heading-tag{\nfont-size:70px;\n}\n.av-special-heading.av-lzaif-f1941ab927cfb57b1cde9278b171a2b9 .av-subheading{\nfont-size:15px;\n}\n\n@media only screen and (min-width: 480px) and (max-width: 767px){ \n#top #wrap_all .av-special-heading.av-lzaif-f1941ab927cfb57b1cde9278b171a2b9 .av-special-heading-tag{\nfont-size:0.8em;\n}\n}\n\n@media only screen and (max-width: 479px){ \n#top #wrap_all .av-special-heading.av-lzaif-f1941ab927cfb57b1cde9278b171a2b9 .av-special-heading-tag{\nfont-size:0.8em;\n}\n}\n<\/style>\n<div  class='av-special-heading av-lzaif-f1941ab927cfb57b1cde9278b171a2b9 av-special-heading-h1 blockquote modern-quote  avia-builder-el-1  el_before_av_one_fifth  avia-builder-el-first  av-thin-font av-inherit-size'><h1 class='av-special-heading-tag'  itemprop=\"headline\"  >Das Studio<strong>.<\/strong><\/h1><div class=\"special-heading-border\"><div class=\"special-heading-inner-border\"><\/div><\/div><\/div>\n<div  class='flex_column av-wblaf-42af2bf31e63ef07b65995926b26877a av_one_fifth  avia-builder-el-2  el_after_av_heading  el_before_av_three_fifth  first flex_column_div  '     ><\/div>\n<style type=\"text\/css\" data-created_by=\"avia_inline_auto\" id=\"style-css-av-5xgxt3-1d16de1075e6610e9dd3395aca691f8d\">\n.flex_column.av-5xgxt3-1d16de1075e6610e9dd3395aca691f8d{\nborder-radius:0px 0px 0px 0px;\npadding:0px 0px 0px 0px;\n}\n<\/style>\n<div  class='flex_column av-5xgxt3-1d16de1075e6610e9dd3395aca691f8d av_three_fifth  avia-builder-el-3  el_after_av_one_fifth  el_before_av_one_fifth  flex_column_div av-zero-column-padding  '     ><section  class='av_textblock_section av-kf2lb-e7f35468f9e8b7180a8c1c959085f407 '   itemscope=\"itemscope\" itemtype=\"https:\/\/schema.org\/CreativeWork\" ><div class='avia_textblock'  itemprop=\"text\" ><p>Alles was wir f\u00fcr dein optimales Training ben\u00f6tigen, findest du in meinem multifuntionalem Studio (Fitnessraum) in der Seestra\u00dfe in Neustrelitz. \u00dcber die Zeit sind hier nach und nach diverse Sportger\u00e4te dazu gekommen, sodass wir bei der Trainingsplan-Erstellung optimal auf alle Muskelgruppen eingehen k\u00f6nnen.<\/p>\n<p>Mein pers\u00f6nliches Anliegen ist es auch immer mal wieder neue Sportger\u00e4te zu testen und Ihnen somit einen abwechslungsreichen Trainingsplan zu erstellen.<\/p>\n<p><strong>Folgende Grundausstattung befindet sich derzeit im Studio:<\/strong><\/p>\n<ul>\n<li>Kardio-Fahrrad<\/li>\n<li>Rudermaschine<\/li>\n<li>Box-Sack<\/li>\n<li>Sling-Trainer<\/li>\n<li>Diverse Gewichte<\/li>\n<li>Petzi\/Gymnastikb\u00e4lle<\/li>\n<li>Ropes<\/li>\n<li>Klimmzugstange<\/li>\n<li>Medizinb\u00e4lle<\/li>\n<li>Springseile<\/li>\n<li>Terrab\u00e4nder<\/li>\n<\/ul>\n<p>uvm.<\/p>\n<p><strong>Umkleiden &amp; Co.<\/strong><\/p>\n<p>Solltest du die Trainingseinheiten im Studio absolvieren, kannst du dich in einer separaten Umkleide umziehen und auch nach den Training in der Dusche (inkl. WC) erfrischen.<\/p>\n<\/div><\/section><\/div><div  class='flex_column av-quw9r-f665196397ca3aa1885c81a09ef2995d av_one_fifth  avia-builder-el-5  el_after_av_three_fifth  avia-builder-el-last  flex_column_div  '     ><\/div>\n<style type=\"text\/css\" data-created_by=\"avia_inline_auto\" id=\"style-css-av-loivjlz5-76deb1fb00adba697e87a151d5e3de13\">\n.av-horizontal-gallery.av-loivjlz5-76deb1fb00adba697e87a151d5e3de13{\npadding:3.75% 0px;;\n}\n.av-horizontal-gallery.av-loivjlz5-76deb1fb00adba697e87a151d5e3de13 .av-horizontal-gallery-inner{\npadding-bottom:25%;\n}\n<\/style>\n<div  class='av-horizontal-gallery av-loivjlz5-76deb1fb00adba697e87a151d5e3de13 av-horizontal-gallery-large-gap av-horizontal-gallery-enlarge-effect  avia-builder-el-6  el_after_av_section  avia-builder-el-last  av-slideshow-ui av-control-default av-slideshow-manual av-loop-once av-loop-manual-once av-horizontal-gallery-1' data-slideshow-data=\"{&quot;enlarge&quot;:1.3,&quot;animation&quot;:&quot;slide&quot;,&quot;autoplay&quot;:false,&quot;loop_autoplay&quot;:&quot;once&quot;,&quot;interval&quot;:5,&quot;loop_manual&quot;:&quot;manual-once&quot;,&quot;autoplay_stopper&quot;:false,&quot;noNavigation&quot;:false,&quot;bg_slider&quot;:false,&quot;keep_padding&quot;:&quot;&quot;,&quot;hoverpause&quot;:false,&quot;show_slide_delay&quot;:0}\"  itemprop=\"image\" itemscope=\"itemscope\" itemtype=\"https:\/\/schema.org\/ImageObject\" ><div class='avia-slideshow-arrows avia-slideshow-controls' ><a href='#prev' class='prev-slide av-horizontal-gallery-prev' aria-hidden='true' data-av_icon='\ue87c' data-av_iconfont='entypo-fontello'  tabindex='-1'>Zur\u00fcck<\/a><a href='#next' class='next-slide av-horizontal-gallery-next' aria-hidden='true' data-av_icon='\ue87d' data-av_iconfont='entypo-fontello'  tabindex='-1'>Weiter<\/a><\/div><div class='avia-slideshow-dots avia-slideshow-controls av-horizontal-gallery-dots fade-in'><a href='#1' class='goto-slide active' >1<\/a><a href='#2' class='goto-slide ' >2<\/a><a href='#3' class='goto-slide ' >3<\/a><a href='#4' class='goto-slide ' >4<\/a><a href='#5' class='goto-slide ' >5<\/a><a href='#6' class='goto-slide ' >6<\/a><a href='#7' class='goto-slide ' >7<\/a><\/div><div class='av-horizontal-gallery-inner' data-av-height='25'><div class=\"av-horizontal-gallery-slider\"><div class=\"av-horizontal-gallery-wrap noHover\"><img decoding=\"async\" fetchpriority=\"high\" class='wp-image-1030 avia-img-lazy-loading-not-1030 av-horizontal-gallery-img' width=\"1030\" height=\"773\" src=\"https:\/\/fit-mv.de\/wordpress\/wp-content\/uploads\/2024\/03\/20240114_125430-1030x773.jpg\" title='Studio_4' alt='' srcset=\"https:\/\/fit-mv.de\/wordpress\/wp-content\/uploads\/2024\/03\/20240114_125430-1030x773.jpg 1030w, https:\/\/fit-mv.de\/wordpress\/wp-content\/uploads\/2024\/03\/20240114_125430-300x225.jpg 300w, https:\/\/fit-mv.de\/wordpress\/wp-content\/uploads\/2024\/03\/20240114_125430-768x576.jpg 768w, https:\/\/fit-mv.de\/wordpress\/wp-content\/uploads\/2024\/03\/20240114_125430-1536x1152.jpg 1536w, https:\/\/fit-mv.de\/wordpress\/wp-content\/uploads\/2024\/03\/20240114_125430-2048x1536.jpg 2048w, https:\/\/fit-mv.de\/wordpress\/wp-content\/uploads\/2024\/03\/20240114_125430-1500x1125.jpg 1500w, https:\/\/fit-mv.de\/wordpress\/wp-content\/uploads\/2024\/03\/20240114_125430-705x529.jpg 705w\" sizes=\"(max-width: 1030px) 100vw, 1030px\" \/><a href=\"https:\/\/fit-mv.de\/wordpress\/wp-content\/uploads\/2024\/03\/20240114_125430-1030x773.jpg\" data-srcset=\"https:\/\/fit-mv.de\/wordpress\/wp-content\/uploads\/2024\/03\/20240114_125430-1030x773.jpg 1030w, https:\/\/fit-mv.de\/wordpress\/wp-content\/uploads\/2024\/03\/20240114_125430-300x225.jpg 300w, https:\/\/fit-mv.de\/wordpress\/wp-content\/uploads\/2024\/03\/20240114_125430-768x576.jpg 768w, https:\/\/fit-mv.de\/wordpress\/wp-content\/uploads\/2024\/03\/20240114_125430-1536x1152.jpg 1536w, https:\/\/fit-mv.de\/wordpress\/wp-content\/uploads\/2024\/03\/20240114_125430-2048x1536.jpg 2048w, https:\/\/fit-mv.de\/wordpress\/wp-content\/uploads\/2024\/03\/20240114_125430-1500x1125.jpg 1500w, https:\/\/fit-mv.de\/wordpress\/wp-content\/uploads\/2024\/03\/20240114_125430-705x529.jpg 705w\" data-sizes=\"(max-width: 1030px) 100vw, 1030px\" class='av-horizontal-gallery-link' aria-hidden='true' data-av_icon='\ue869' data-av_iconfont='entypo-fontello' title='Studio_4' alt=''><\/a><\/div><div class=\"av-horizontal-gallery-wrap noHover\"><img decoding=\"async\" fetchpriority=\"high\" class='wp-image-1031 avia-img-lazy-loading-not-1031 av-horizontal-gallery-img' width=\"1030\" height=\"773\" src=\"https:\/\/fit-mv.de\/wordpress\/wp-content\/uploads\/2024\/03\/20240114_124233-1030x773.jpg\" title='Studio_3' alt='' srcset=\"https:\/\/fit-mv.de\/wordpress\/wp-content\/uploads\/2024\/03\/20240114_124233-1030x773.jpg 1030w, https:\/\/fit-mv.de\/wordpress\/wp-content\/uploads\/2024\/03\/20240114_124233-300x225.jpg 300w, https:\/\/fit-mv.de\/wordpress\/wp-content\/uploads\/2024\/03\/20240114_124233-768x576.jpg 768w, https:\/\/fit-mv.de\/wordpress\/wp-content\/uploads\/2024\/03\/20240114_124233-1536x1152.jpg 1536w, https:\/\/fit-mv.de\/wordpress\/wp-content\/uploads\/2024\/03\/20240114_124233-2048x1536.jpg 2048w, https:\/\/fit-mv.de\/wordpress\/wp-content\/uploads\/2024\/03\/20240114_124233-1500x1125.jpg 1500w, https:\/\/fit-mv.de\/wordpress\/wp-content\/uploads\/2024\/03\/20240114_124233-705x529.jpg 705w\" sizes=\"(max-width: 1030px) 100vw, 1030px\" \/><a href=\"https:\/\/fit-mv.de\/wordpress\/wp-content\/uploads\/2024\/03\/20240114_124233-1030x773.jpg\" data-srcset=\"https:\/\/fit-mv.de\/wordpress\/wp-content\/uploads\/2024\/03\/20240114_124233-1030x773.jpg 1030w, https:\/\/fit-mv.de\/wordpress\/wp-content\/uploads\/2024\/03\/20240114_124233-300x225.jpg 300w, https:\/\/fit-mv.de\/wordpress\/wp-content\/uploads\/2024\/03\/20240114_124233-768x576.jpg 768w, https:\/\/fit-mv.de\/wordpress\/wp-content\/uploads\/2024\/03\/20240114_124233-1536x1152.jpg 1536w, https:\/\/fit-mv.de\/wordpress\/wp-content\/uploads\/2024\/03\/20240114_124233-2048x1536.jpg 2048w, https:\/\/fit-mv.de\/wordpress\/wp-content\/uploads\/2024\/03\/20240114_124233-1500x1125.jpg 1500w, https:\/\/fit-mv.de\/wordpress\/wp-content\/uploads\/2024\/03\/20240114_124233-705x529.jpg 705w\" data-sizes=\"(max-width: 1030px) 100vw, 1030px\" class='av-horizontal-gallery-link' aria-hidden='true' data-av_icon='\ue869' data-av_iconfont='entypo-fontello' title='Studio_3' alt=''><\/a><\/div><div class=\"av-horizontal-gallery-wrap noHover\"><img decoding=\"async\" fetchpriority=\"high\" class='wp-image-1045 avia-img-lazy-loading-not-1045 av-horizontal-gallery-img' width=\"772\" height=\"1030\" src=\"https:\/\/fit-mv.de\/wordpress\/wp-content\/uploads\/2024\/03\/20240114_124611-772x1030.jpg\" title='Studio_1' alt='' srcset=\"https:\/\/fit-mv.de\/wordpress\/wp-content\/uploads\/2024\/03\/20240114_124611-772x1030.jpg 772w, https:\/\/fit-mv.de\/wordpress\/wp-content\/uploads\/2024\/03\/20240114_124611-225x300.jpg 225w, https:\/\/fit-mv.de\/wordpress\/wp-content\/uploads\/2024\/03\/20240114_124611-768x1024.jpg 768w, https:\/\/fit-mv.de\/wordpress\/wp-content\/uploads\/2024\/03\/20240114_124611-1152x1536.jpg 1152w, https:\/\/fit-mv.de\/wordpress\/wp-content\/uploads\/2024\/03\/20240114_124611-1536x2048.jpg 1536w, https:\/\/fit-mv.de\/wordpress\/wp-content\/uploads\/2024\/03\/20240114_124611-1125x1500.jpg 1125w, https:\/\/fit-mv.de\/wordpress\/wp-content\/uploads\/2024\/03\/20240114_124611-529x705.jpg 529w, https:\/\/fit-mv.de\/wordpress\/wp-content\/uploads\/2024\/03\/20240114_124611-scaled.jpg 1920w\" sizes=\"(max-width: 772px) 100vw, 772px\" \/><a href=\"https:\/\/fit-mv.de\/wordpress\/wp-content\/uploads\/2024\/03\/20240114_124611-772x1030.jpg\" data-srcset=\"https:\/\/fit-mv.de\/wordpress\/wp-content\/uploads\/2024\/03\/20240114_124611-772x1030.jpg 772w, https:\/\/fit-mv.de\/wordpress\/wp-content\/uploads\/2024\/03\/20240114_124611-225x300.jpg 225w, https:\/\/fit-mv.de\/wordpress\/wp-content\/uploads\/2024\/03\/20240114_124611-768x1024.jpg 768w, https:\/\/fit-mv.de\/wordpress\/wp-content\/uploads\/2024\/03\/20240114_124611-1152x1536.jpg 1152w, https:\/\/fit-mv.de\/wordpress\/wp-content\/uploads\/2024\/03\/20240114_124611-1536x2048.jpg 1536w, https:\/\/fit-mv.de\/wordpress\/wp-content\/uploads\/2024\/03\/20240114_124611-1125x1500.jpg 1125w, https:\/\/fit-mv.de\/wordpress\/wp-content\/uploads\/2024\/03\/20240114_124611-529x705.jpg 529w, https:\/\/fit-mv.de\/wordpress\/wp-content\/uploads\/2024\/03\/20240114_124611-scaled.jpg 1920w\" data-sizes=\"(max-width: 772px) 100vw, 772px\" class='av-horizontal-gallery-link' aria-hidden='true' data-av_icon='\ue869' data-av_iconfont='entypo-fontello' title='Studio_1' alt=''><\/a><\/div><div class=\"av-horizontal-gallery-wrap noHover\"><img decoding=\"async\" fetchpriority=\"high\" class='wp-image-1043 avia-img-lazy-loading-not-1043 av-horizontal-gallery-img' width=\"772\" height=\"1030\" src=\"https:\/\/fit-mv.de\/wordpress\/wp-content\/uploads\/2024\/03\/20240114_123318-772x1030.jpg\" title='Umkleide_1' alt='' srcset=\"https:\/\/fit-mv.de\/wordpress\/wp-content\/uploads\/2024\/03\/20240114_123318-772x1030.jpg 772w, https:\/\/fit-mv.de\/wordpress\/wp-content\/uploads\/2024\/03\/20240114_123318-225x300.jpg 225w, https:\/\/fit-mv.de\/wordpress\/wp-content\/uploads\/2024\/03\/20240114_123318-768x1024.jpg 768w, https:\/\/fit-mv.de\/wordpress\/wp-content\/uploads\/2024\/03\/20240114_123318-1152x1536.jpg 1152w, https:\/\/fit-mv.de\/wordpress\/wp-content\/uploads\/2024\/03\/20240114_123318-1536x2048.jpg 1536w, https:\/\/fit-mv.de\/wordpress\/wp-content\/uploads\/2024\/03\/20240114_123318-1125x1500.jpg 1125w, https:\/\/fit-mv.de\/wordpress\/wp-content\/uploads\/2024\/03\/20240114_123318-529x705.jpg 529w, https:\/\/fit-mv.de\/wordpress\/wp-content\/uploads\/2024\/03\/20240114_123318-scaled.jpg 1920w\" sizes=\"(max-width: 772px) 100vw, 772px\" \/><a href=\"https:\/\/fit-mv.de\/wordpress\/wp-content\/uploads\/2024\/03\/20240114_123318-772x1030.jpg\" data-srcset=\"https:\/\/fit-mv.de\/wordpress\/wp-content\/uploads\/2024\/03\/20240114_123318-772x1030.jpg 772w, https:\/\/fit-mv.de\/wordpress\/wp-content\/uploads\/2024\/03\/20240114_123318-225x300.jpg 225w, https:\/\/fit-mv.de\/wordpress\/wp-content\/uploads\/2024\/03\/20240114_123318-768x1024.jpg 768w, https:\/\/fit-mv.de\/wordpress\/wp-content\/uploads\/2024\/03\/20240114_123318-1152x1536.jpg 1152w, https:\/\/fit-mv.de\/wordpress\/wp-content\/uploads\/2024\/03\/20240114_123318-1536x2048.jpg 1536w, https:\/\/fit-mv.de\/wordpress\/wp-content\/uploads\/2024\/03\/20240114_123318-1125x1500.jpg 1125w, https:\/\/fit-mv.de\/wordpress\/wp-content\/uploads\/2024\/03\/20240114_123318-529x705.jpg 529w, https:\/\/fit-mv.de\/wordpress\/wp-content\/uploads\/2024\/03\/20240114_123318-scaled.jpg 1920w\" data-sizes=\"(max-width: 772px) 100vw, 772px\" class='av-horizontal-gallery-link' aria-hidden='true' data-av_icon='\ue869' data-av_iconfont='entypo-fontello' title='Umkleide_1' alt=''><\/a><\/div><div class=\"av-horizontal-gallery-wrap noHover\"><img decoding=\"async\" fetchpriority=\"high\" class='wp-image-1038 avia-img-lazy-loading-not-1038 av-horizontal-gallery-img' width=\"773\" height=\"1030\" src=\"https:\/\/fit-mv.de\/wordpress\/wp-content\/uploads\/2024\/03\/20240114_125509-773x1030.jpg\" title='Sprossenwand und B\u00e4lle' alt='' srcset=\"https:\/\/fit-mv.de\/wordpress\/wp-content\/uploads\/2024\/03\/20240114_125509-773x1030.jpg 773w, https:\/\/fit-mv.de\/wordpress\/wp-content\/uploads\/2024\/03\/20240114_125509-225x300.jpg 225w, https:\/\/fit-mv.de\/wordpress\/wp-content\/uploads\/2024\/03\/20240114_125509-768x1024.jpg 768w, https:\/\/fit-mv.de\/wordpress\/wp-content\/uploads\/2024\/03\/20240114_125509-1152x1536.jpg 1152w, https:\/\/fit-mv.de\/wordpress\/wp-content\/uploads\/2024\/03\/20240114_125509-1536x2048.jpg 1536w, https:\/\/fit-mv.de\/wordpress\/wp-content\/uploads\/2024\/03\/20240114_125509-1125x1500.jpg 1125w, https:\/\/fit-mv.de\/wordpress\/wp-content\/uploads\/2024\/03\/20240114_125509-529x705.jpg 529w, https:\/\/fit-mv.de\/wordpress\/wp-content\/uploads\/2024\/03\/20240114_125509-scaled.jpg 1920w\" sizes=\"(max-width: 773px) 100vw, 773px\" \/><a href=\"https:\/\/fit-mv.de\/wordpress\/wp-content\/uploads\/2024\/03\/20240114_125509-773x1030.jpg\" data-srcset=\"https:\/\/fit-mv.de\/wordpress\/wp-content\/uploads\/2024\/03\/20240114_125509-773x1030.jpg 773w, https:\/\/fit-mv.de\/wordpress\/wp-content\/uploads\/2024\/03\/20240114_125509-225x300.jpg 225w, https:\/\/fit-mv.de\/wordpress\/wp-content\/uploads\/2024\/03\/20240114_125509-768x1024.jpg 768w, https:\/\/fit-mv.de\/wordpress\/wp-content\/uploads\/2024\/03\/20240114_125509-1152x1536.jpg 1152w, https:\/\/fit-mv.de\/wordpress\/wp-content\/uploads\/2024\/03\/20240114_125509-1536x2048.jpg 1536w, https:\/\/fit-mv.de\/wordpress\/wp-content\/uploads\/2024\/03\/20240114_125509-1125x1500.jpg 1125w, https:\/\/fit-mv.de\/wordpress\/wp-content\/uploads\/2024\/03\/20240114_125509-529x705.jpg 529w, https:\/\/fit-mv.de\/wordpress\/wp-content\/uploads\/2024\/03\/20240114_125509-scaled.jpg 1920w\" data-sizes=\"(max-width: 773px) 100vw, 773px\" class='av-horizontal-gallery-link' aria-hidden='true' data-av_icon='\ue869' data-av_iconfont='entypo-fontello' title='Sprossenwand und B\u00e4lle' alt=''><\/a><\/div><div class=\"av-horizontal-gallery-wrap noHover\"><img decoding=\"async\" fetchpriority=\"high\" class='wp-image-1034 avia-img-lazy-loading-not-1034 av-horizontal-gallery-img' width=\"1030\" height=\"773\" src=\"https:\/\/fit-mv.de\/wordpress\/wp-content\/uploads\/2024\/03\/20240114_123206-1-1030x773.jpg\" title='Umkleide' alt='' srcset=\"https:\/\/fit-mv.de\/wordpress\/wp-content\/uploads\/2024\/03\/20240114_123206-1-1030x773.jpg 1030w, https:\/\/fit-mv.de\/wordpress\/wp-content\/uploads\/2024\/03\/20240114_123206-1-300x225.jpg 300w, https:\/\/fit-mv.de\/wordpress\/wp-content\/uploads\/2024\/03\/20240114_123206-1-768x576.jpg 768w, https:\/\/fit-mv.de\/wordpress\/wp-content\/uploads\/2024\/03\/20240114_123206-1-1536x1152.jpg 1536w, https:\/\/fit-mv.de\/wordpress\/wp-content\/uploads\/2024\/03\/20240114_123206-1-2048x1536.jpg 2048w, https:\/\/fit-mv.de\/wordpress\/wp-content\/uploads\/2024\/03\/20240114_123206-1-1500x1125.jpg 1500w, https:\/\/fit-mv.de\/wordpress\/wp-content\/uploads\/2024\/03\/20240114_123206-1-705x529.jpg 705w\" sizes=\"(max-width: 1030px) 100vw, 1030px\" \/><a href=\"https:\/\/fit-mv.de\/wordpress\/wp-content\/uploads\/2024\/03\/20240114_123206-1-1030x773.jpg\" data-srcset=\"https:\/\/fit-mv.de\/wordpress\/wp-content\/uploads\/2024\/03\/20240114_123206-1-1030x773.jpg 1030w, https:\/\/fit-mv.de\/wordpress\/wp-content\/uploads\/2024\/03\/20240114_123206-1-300x225.jpg 300w, https:\/\/fit-mv.de\/wordpress\/wp-content\/uploads\/2024\/03\/20240114_123206-1-768x576.jpg 768w, https:\/\/fit-mv.de\/wordpress\/wp-content\/uploads\/2024\/03\/20240114_123206-1-1536x1152.jpg 1536w, https:\/\/fit-mv.de\/wordpress\/wp-content\/uploads\/2024\/03\/20240114_123206-1-2048x1536.jpg 2048w, https:\/\/fit-mv.de\/wordpress\/wp-content\/uploads\/2024\/03\/20240114_123206-1-1500x1125.jpg 1500w, https:\/\/fit-mv.de\/wordpress\/wp-content\/uploads\/2024\/03\/20240114_123206-1-705x529.jpg 705w\" data-sizes=\"(max-width: 1030px) 100vw, 1030px\" class='av-horizontal-gallery-link' aria-hidden='true' data-av_icon='\ue869' data-av_iconfont='entypo-fontello' title='Umkleide' alt=''><\/a><\/div><div class=\"av-horizontal-gallery-wrap noHover\"><img decoding=\"async\" fetchpriority=\"high\" class='wp-image-1032 avia-img-lazy-loading-not-1032 av-horizontal-gallery-img' width=\"773\" height=\"1030\" src=\"https:\/\/fit-mv.de\/wordpress\/wp-content\/uploads\/2024\/03\/20240114_123350-773x1030.jpg\" title='Umkleide_2' alt='' srcset=\"https:\/\/fit-mv.de\/wordpress\/wp-content\/uploads\/2024\/03\/20240114_123350-773x1030.jpg 773w, https:\/\/fit-mv.de\/wordpress\/wp-content\/uploads\/2024\/03\/20240114_123350-225x300.jpg 225w, https:\/\/fit-mv.de\/wordpress\/wp-content\/uploads\/2024\/03\/20240114_123350-768x1024.jpg 768w, https:\/\/fit-mv.de\/wordpress\/wp-content\/uploads\/2024\/03\/20240114_123350-1152x1536.jpg 1152w, https:\/\/fit-mv.de\/wordpress\/wp-content\/uploads\/2024\/03\/20240114_123350-1536x2048.jpg 1536w, https:\/\/fit-mv.de\/wordpress\/wp-content\/uploads\/2024\/03\/20240114_123350-1125x1500.jpg 1125w, https:\/\/fit-mv.de\/wordpress\/wp-content\/uploads\/2024\/03\/20240114_123350-529x705.jpg 529w, https:\/\/fit-mv.de\/wordpress\/wp-content\/uploads\/2024\/03\/20240114_123350-scaled.jpg 1920w\" sizes=\"(max-width: 773px) 100vw, 773px\" \/><a href=\"https:\/\/fit-mv.de\/wordpress\/wp-content\/uploads\/2024\/03\/20240114_123350-773x1030.jpg\" data-srcset=\"https:\/\/fit-mv.de\/wordpress\/wp-content\/uploads\/2024\/03\/20240114_123350-773x1030.jpg 773w, https:\/\/fit-mv.de\/wordpress\/wp-content\/uploads\/2024\/03\/20240114_123350-225x300.jpg 225w, https:\/\/fit-mv.de\/wordpress\/wp-content\/uploads\/2024\/03\/20240114_123350-768x1024.jpg 768w, https:\/\/fit-mv.de\/wordpress\/wp-content\/uploads\/2024\/03\/20240114_123350-1152x1536.jpg 1152w, https:\/\/fit-mv.de\/wordpress\/wp-content\/uploads\/2024\/03\/20240114_123350-1536x2048.jpg 1536w, https:\/\/fit-mv.de\/wordpress\/wp-content\/uploads\/2024\/03\/20240114_123350-1125x1500.jpg 1125w, https:\/\/fit-mv.de\/wordpress\/wp-content\/uploads\/2024\/03\/20240114_123350-529x705.jpg 529w, https:\/\/fit-mv.de\/wordpress\/wp-content\/uploads\/2024\/03\/20240114_123350-scaled.jpg 1920w\" data-sizes=\"(max-width: 773px) 100vw, 773px\" class='av-horizontal-gallery-link' aria-hidden='true' data-av_icon='\ue869' data-av_iconfont='entypo-fontello' title='Umkleide_2' alt=''><\/a><\/div><\/div><\/div><\/div><\/p>\n","protected":false},"excerpt":{"rendered":"","protected":false},"author":2,"featured_media":0,"parent":515,"menu_order":0,"comment_status":"closed","ping_status":"closed","template":"","meta":{"footnotes":""},"class_list":["post-519","page","type-page","status-publish","hentry"],"_links":{"self":[{"href":"https:\/\/fit-mv.de\/wordpress\/wp-json\/wp\/v2\/pages\/519","targetHints":{"allow":["GET"]}}],"collection":[{"href":"https:\/\/fit-mv.de\/wordpress\/wp-json\/wp\/v2\/pages"}],"about":[{"href":"https:\/\/fit-mv.de\/wordpress\/wp-json\/wp\/v2\/types\/page"}],"author":[{"embeddable":true,"href":"https:\/\/fit-mv.de\/wordpress\/wp-json\/wp\/v2\/users\/2"}],"replies":[{"embeddable":true,"href":"https:\/\/fit-mv.de\/wordpress\/wp-json\/wp\/v2\/comments?post=519"}],"version-history":[{"count":5,"href":"https:\/\/fit-mv.de\/wordpress\/wp-json\/wp\/v2\/pages\/519\/revisions"}],"predecessor-version":[{"id":1055,"href":"https:\/\/fit-mv.de\/wordpress\/wp-json\/wp\/v2\/pages\/519\/revisions\/1055"}],"up":[{"embeddable":true,"href":"https:\/\/fit-mv.de\/wordpress\/wp-json\/wp\/v2\/pages\/515"}],"wp:attachment":[{"href":"https:\/\/fit-mv.de\/wordpress\/wp-json\/wp\/v2\/media?parent=519"}],"curies":[{"name":"wp","href":"https:\/\/api.w.org\/{rel}","templated":true}]}}